{"id":822,"date":"2018-10-14T13:23:50","date_gmt":"2018-10-14T11:23:50","guid":{"rendered":"https:\/\/www.carolinebouvier.fr\/?page_id=822"},"modified":"2021-09-08T09:58:39","modified_gmt":"2021-09-08T07:58:39","slug":"la-marque","status":"publish","type":"page","link":"https:\/\/www.carolinebouvier.fr\/en\/la-marque\/","title":{"rendered":"Maison de couture Caroline Bouvier &#8211; L&rsquo;Histoire de la Maison"},"content":{"rendered":"<p><div class=\"fusion-fullwidth fullwidth-box fusion-builder-row-1 hundred-percent-fullwidth non-hundred-percent-height-scrolling fusion-equal-height-columns\" style=\"--awb-background-position:center top;--awb-border-sizes-top:0px;--awb-border-sizes-bottom:0px;--awb-border-sizes-left:0px;--awb-border-sizes-right:0px;--awb-border-color:#ffffff;--awb-border-radius-top-left:0px;--awb-border-radius-top-right:0px;--awb-border-radius-bottom-right:0px;--awb-border-radius-bottom-left:0px;--awb-padding-top:0px;--awb-padding-right:0px;--awb-padding-bottom:0px;--awb-padding-left:0px;--awb-margin-top:0px;--awb-margin-bottom:0px;--awb-background-color:#ffffff;--awb-flex-wrap:wrap;\" id=\"maison\" ><div class=\"fusion-builder-row fusion-row\"><div class=\"fusion-layout-column fusion_builder_column fusion-builder-column-0 fusion_builder_column_1_6 1_6 fusion-one-sixth fusion-column-first\" style=\"--awb-bg-size:cover;width:16.666666666667%;width:calc(16.666666666667% - ( ( 4% + 4% ) * 0.16666666666667 ) );margin-right: 4%;\"><div class=\"fusion-column-wrapper fusion-flex-column-wrapper-legacy\"><div class=\"fusion-clearfix\"><\/div><\/div><\/div><div class=\"fusion-layout-column fusion_builder_column fusion-builder-column-1 fusion_builder_column_2_3 2_3 fusion-two-third\" style=\"--awb-padding-top:5%;--awb-padding-right:3%;--awb-padding-bottom:3%;--awb-padding-left:3%;--awb-bg-size:cover;width:66.666666666667%;width:calc(66.666666666667% - ( ( 4% + 4% ) * 0.66666666666667 ) );margin-right: 4%;\"><div class=\"fusion-column-wrapper fusion-flex-column-wrapper-legacy\"><div class=\"fusion-column-content-centered\"><div class=\"fusion-column-content\"><div class=\"fusion-title title fusion-title-1 fusion-sep-none fusion-title-center fusion-title-text fusion-title-size-one\"><h1 class=\"fusion-title-heading title-heading-center\" style=\"margin:0;\">The brand<\/h1><\/div><\/div><\/div><div class=\"fusion-clearfix\"><\/div><\/div><\/div><div class=\"fusion-layout-column fusion_builder_column fusion-builder-column-2 fusion_builder_column_1_6 1_6 fusion-one-sixth fusion-column-last\" style=\"--awb-bg-size:cover;width:16.666666666667%;width:calc(16.666666666667% - ( ( 4% + 4% ) * 0.16666666666667 ) );\"><div class=\"fusion-column-wrapper fusion-flex-column-wrapper-legacy\"><div class=\"fusion-clearfix\"><\/div><\/div><\/div><\/div><\/div><div class=\"fusion-fullwidth fullwidth-box fusion-builder-row-2 hundred-percent-fullwidth non-hundred-percent-height-scrolling fusion-equal-height-columns\" style=\"--awb-background-position:center top;--awb-border-sizes-top:0px;--awb-border-sizes-bottom:0px;--awb-border-sizes-left:0px;--awb-border-sizes-right:0px;--awb-border-color:#ffffff;--awb-border-radius-top-left:0px;--awb-border-radius-top-right:0px;--awb-border-radius-bottom-right:0px;--awb-border-radius-bottom-left:0px;--awb-padding-top:0px;--awb-padding-right:0px;--awb-padding-bottom:0px;--awb-padding-left:0px;--awb-margin-top:0px;--awb-margin-bottom:0px;--awb-background-color:#e9cec5;--awb-flex-wrap:wrap;\" id=\"maison\" ><div class=\"fusion-builder-row fusion-row\"><div class=\"fusion-layout-column fusion_builder_column fusion-builder-column-3 fusion_builder_column_1_2 1_2 fusion-one-half fusion-column-first fusion-animated\" style=\"--awb-padding-top:10%;--awb-padding-right:10%;--awb-padding-bottom:10%;--awb-padding-left:10%;--awb-bg-size:cover;\" data-animationtype=\"fadeInRight\" data-animationduration=\"1.0\" data-animationoffset=\"top-into-view\"><div class=\"fusion-column-wrapper fusion-column-has-shadow fusion-flex-column-wrapper-legacy\"><div class=\"fusion-column-content-centered\"><div class=\"fusion-column-content\"><div class=\"fusion-title title fusion-title-2 fusion-sep-none fusion-title-center fusion-title-text fusion-title-size-two\"><h2 class=\"fusion-title-heading title-heading-center\" style=\"margin:0;\">The beginnings<\/h2><\/div><div class=\"fusion-text fusion-text-1\" style=\"--awb-content-alignment:left;\"><p style=\"text-align: justify;\">After a high level sports career and a youth bathed in lace and creation, Caroline Bouvier decided one day to embark on a craft adventure.<\/p>\n<\/div><div class=\"fusion-audio fusion-audio-1\" style=\"--awb-progress-color:#ffffff;--awb-border-color:var(--awb-color1);--awb-background-color:#e8c5b9;--awb-max-width:100%;--awb-border-size:0;--awb-border-top-left-radius:0px;--awb-border-top-right-radius:0px;--awb-border-bottom-right-radius:0px;--awb-border-bottom-left-radius:0px;\"><audio class=\"wp-audio-shortcode\" id=\"audio-822-1\" preload=\"none\" style=\"width: 100%;\" controls=\"controls\"><source type=\"audio\/mpeg\" src=\"https:\/\/www.carolinebouvier.fr\/wp-content\/uploads\/2021\/09\/P-Caroline-Bouvier-histoire.mp3?_=1\" \/><a href=\"https:\/\/www.carolinebouvier.fr\/wp-content\/uploads\/2021\/09\/P-Caroline-Bouvier-histoire.mp3\">https:\/\/www.carolinebouvier.fr\/wp-content\/uploads\/2021\/09\/P-Caroline-Bouvier-histoire.mp3<\/a><\/audio><\/div><div class=\"fusion-text fusion-text-2\" style=\"--awb-content-alignment:left;--awb-margin-top:20px;\"><p style=\"text-align: justify;\">At first as a stylist specializing in sportswear, she quickly took off and created her own company in 1999: <span style=\"color: #ff0000;\"><strong><a href=\"http:\/\/www.lilistyle.com\/\" target=\"_blank\" rel=\"noopener noreferrer\">LILI STYLE<\/a><\/strong><\/span>. A beautiful adventure that she decided to continue in downtown Montpellier, which will become the meeting place for artists and athletes.<\/p>\n<p style=\"text-align: justify;\">But Caroline, passionate about fashion, then designed a second line: <strong><a href=\"https:\/\/www.carolinebouvier.fr\/en\/e-boutique\/sportswear-la-e-boutique\/\" target=\"_blank\" rel=\"noopener noreferrer\">LILI STUDIO<\/a><\/strong>. Clothes that are intended for the active, sporty and modern woman and girl.<\/p>\n<\/div><\/div><\/div><div class=\"fusion-clearfix\"><\/div><\/div><\/div><div class=\"fusion-layout-column fusion_builder_column fusion-builder-column-4 fusion_builder_column_1_2 1_2 fusion-one-half fusion-column-last fusion-animated\" style=\"--awb-padding-top:0px;--awb-padding-right:0px;--awb-padding-bottom:0px;--awb-padding-left:0px;--awb-bg-image:url(&#039;https:\/\/www.carolinebouvier.fr\/wp-content\/uploads\/2018\/10\/maison01.jpg&#039;);--awb-bg-position:center center;--awb-bg-size:cover;\" data-animationtype=\"fadeInLeft\" data-animationduration=\"1.0\" data-animationoffset=\"top-into-view\"><div class=\"fusion-column-wrapper fusion-column-has-shadow fusion-flex-column-wrapper-legacy fusion-column-has-bg-image\" data-bg-url=\"https:\/\/www.carolinebouvier.fr\/wp-content\/uploads\/2018\/10\/maison01.jpg\"><div class=\"fusion-column-content-centered\"><div class=\"fusion-column-content\"><div class=\"fusion-sep-clear\"><\/div><div class=\"fusion-separator fusion-full-width-sep\" style=\"margin-left: auto;margin-right: auto;margin-top:50%;width:100%;\"><\/div><div class=\"fusion-sep-clear\"><\/div><\/div><\/div><div class=\"fusion-clearfix\"><\/div><\/div><\/div><\/div><\/div><div class=\"fusion-fullwidth fullwidth-box fusion-builder-row-3 hundred-percent-fullwidth non-hundred-percent-height-scrolling fusion-equal-height-columns\" style=\"--awb-background-position:center top;--awb-border-sizes-top:0px;--awb-border-sizes-bottom:0px;--awb-border-sizes-left:0px;--awb-border-sizes-right:0px;--awb-border-color:#ffffff;--awb-border-radius-top-left:0px;--awb-border-radius-top-right:0px;--awb-border-radius-bottom-right:0px;--awb-border-radius-bottom-left:0px;--awb-padding-top:0px;--awb-padding-right:0px;--awb-padding-bottom:0px;--awb-padding-left:0px;--awb-margin-top:0px;--awb-margin-bottom:0px;--awb-background-color:rgba(255,255,255,0);--awb-flex-wrap:wrap;\" id=\"maison\" ><div class=\"fusion-builder-row fusion-row\"><div class=\"fusion-layout-column fusion_builder_column fusion-builder-column-5 fusion_builder_column_1_3 1_3 fusion-one-third fusion-column-first fusion-animated\" style=\"--awb-padding-top:0px;--awb-padding-right:0px;--awb-padding-bottom:0px;--awb-padding-left:0px;--awb-bg-image:url(&#039;https:\/\/www.carolinebouvier.fr\/wp-content\/uploads\/2018\/10\/maison02c.jpg&#039;);--awb-bg-position:center center;--awb-bg-size:cover;\" data-animationtype=\"fadeInRight\" data-animationduration=\"1.0\" data-animationoffset=\"top-into-view\"><div class=\"fusion-column-wrapper fusion-column-has-shadow fusion-flex-column-wrapper-legacy fusion-column-has-bg-image\" data-bg-url=\"https:\/\/www.carolinebouvier.fr\/wp-content\/uploads\/2018\/10\/maison02c.jpg\"><div class=\"fusion-column-content-centered\"><div class=\"fusion-column-content\"><div class=\"fusion-sep-clear\"><\/div><div class=\"fusion-separator fusion-full-width-sep\" style=\"margin-left: auto;margin-right: auto;margin-top:50%;width:100%;\"><\/div><div class=\"fusion-sep-clear\"><\/div><\/div><\/div><div class=\"fusion-clearfix\"><\/div><\/div><\/div><div class=\"fusion-layout-column fusion_builder_column fusion-builder-column-6 fusion_builder_column_2_3 2_3 fusion-two-third fusion-column-last fusion-animated\" style=\"--awb-padding-top:10%;--awb-padding-right:10%;--awb-padding-bottom:10%;--awb-padding-left:10%;--awb-bg-size:cover;\" data-animationtype=\"fadeInLeft\" data-animationduration=\"1.0\" data-animationoffset=\"top-mid-of-view\"><div class=\"fusion-column-wrapper fusion-column-has-shadow fusion-flex-column-wrapper-legacy\"><div class=\"fusion-column-content-centered\"><div class=\"fusion-column-content\"><div class=\"fusion-title title fusion-title-3 fusion-sep-none fusion-title-center fusion-title-text fusion-title-size-two\"><h2 class=\"fusion-title-heading title-heading-center\" style=\"margin:0;\">Birth of the fashion house<\/h2><\/div><div class=\"fusion-text fusion-text-3\"><p style=\"text-align: justify;\">In 2012, the third line with a vintage spirit was born thanks to a beautiful professional encounter with Chantal Olivet, who took on the role of first d'Atelier, thus completing the House's very seasoned know-how. Together, they design unique pieces filled with femininity, inspired by Hitchcock films and La Dolce Vita.<\/p>\n<p style=\"text-align: justify;\">Today, the Couture House has the will to refocus on the essences that participated in the creation of its universe. It revives the traditions of old-fashioned couture and enjoys offering its vision of fashion to a clientele in search of elegance.<\/p>\n<p>C&rsquo;est le retour de l&rsquo;art de plaire.<\/p>\n<\/div><\/div><\/div><div class=\"fusion-clearfix\"><\/div><\/div><\/div><\/div><\/div><div class=\"fusion-fullwidth fullwidth-box fusion-builder-row-4 hundred-percent-fullwidth non-hundred-percent-height-scrolling fusion-equal-height-columns\" style=\"--awb-background-position:center top;--awb-background-blend-mode:overlay;--awb-border-sizes-top:0px;--awb-border-sizes-bottom:0px;--awb-border-sizes-left:0px;--awb-border-sizes-right:0px;--awb-border-color:#ffffff;--awb-border-radius-top-left:0px;--awb-border-radius-top-right:0px;--awb-border-radius-bottom-right:0px;--awb-border-radius-bottom-left:0px;--awb-padding-top:0px;--awb-padding-right:0px;--awb-padding-bottom:0px;--awb-padding-left:0px;--awb-margin-top:0px;--awb-margin-bottom:0px;--awb-background-color:rgba(233,206,197,0.5);--awb-flex-wrap:wrap;\" id=\"maison\" ><div class=\"fusion-builder-row fusion-row\"><div class=\"fusion-layout-column fusion_builder_column fusion-builder-column-7 fusion_builder_column_1_2 1_2 fusion-one-half fusion-column-first fusion-animated\" style=\"--awb-padding-top:10%;--awb-padding-right:10%;--awb-padding-bottom:10%;--awb-padding-left:10%;--awb-bg-size:cover;\" data-animationtype=\"fadeInRight\" data-animationduration=\"1.0\" data-animationoffset=\"top-mid-of-view\"><div class=\"fusion-column-wrapper fusion-column-has-shadow fusion-flex-column-wrapper-legacy\"><div class=\"fusion-column-content-centered\"><div class=\"fusion-column-content\"><div class=\"fusion-title title fusion-title-4 fusion-sep-none fusion-title-center fusion-title-text fusion-title-size-two\"><h2 class=\"fusion-title-heading title-heading-center\" style=\"margin:0;\">L&rsquo;Atelier<\/h2><\/div><div class=\"fusion-text fusion-text-4\" style=\"--awb-content-alignment:left;\"><p style=\"text-align: justify;\">L&rsquo;atelier est situ\u00e9 dans l\u2019un des quartier les plus pris\u00e9 de Montpellier dit \u00ab La Canourgue \u00bb au 15 rue du Palais des Guilhem. Il garde la volont\u00e9 de ressusciter les maisons de couture d\u2019autrefois.<\/p>\n<p style=\"text-align: justify;\">It is a real place of creation.<\/p>\n<p style=\"text-align: justify;\">We choose the fabric and then design the model with our customers. Then comes the time for measurements and pattern making, cutting, assembly and finally fittings. To keep this special bond with our customers, alterations are also done on site. We take the time to make things to measure: that's the Caroline Bouvier brand.<\/p>\n<p>As we work together, we will advise you on how to complete your unique piece.<\/p>\n<p>Sacs, pochettes de cuir, bijoux, chaussures, chapeaux.. tous r\u00e9alis\u00e9s de mani\u00e8re artisanale et selon vos envies par nos partenaires cr\u00e9ateurs.\u00a0Vous serez conseill\u00e9s quant \u00e0 la fa\u00e7on d&rsquo;assortir vos accessoires en fonction de leur couleur, de leur forme.. Afin de cr\u00e9er une tenue compl\u00e8te, harmonieuse et qui soit le reflet de votre personnalit\u00e9.<\/p>\n<\/div><\/div><\/div><div class=\"fusion-clearfix\"><\/div><\/div><\/div><div class=\"fusion-layout-column fusion_builder_column fusion-builder-column-8 fusion_builder_column_1_2 1_2 fusion-one-half fusion-column-last fusion-animated\" style=\"--awb-padding-top:0px;--awb-padding-right:0px;--awb-padding-bottom:0px;--awb-padding-left:0px;--awb-bg-image:url(&#039;https:\/\/www.carolinebouvier.fr\/wp-content\/uploads\/2018\/10\/maison03.jpg&#039;);--awb-bg-position:center center;--awb-bg-size:cover;\" data-animationtype=\"fadeInLeft\" data-animationduration=\"1.0\" data-animationoffset=\"top-into-view\"><div class=\"fusion-column-wrapper fusion-column-has-shadow fusion-flex-column-wrapper-legacy fusion-column-has-bg-image\" data-bg-url=\"https:\/\/www.carolinebouvier.fr\/wp-content\/uploads\/2018\/10\/maison03.jpg\"><div class=\"fusion-column-content-centered\"><div class=\"fusion-column-content\"><div class=\"fusion-sep-clear\"><\/div><div class=\"fusion-separator fusion-full-width-sep\" style=\"margin-left: auto;margin-right: auto;margin-top:50%;width:100%;\"><\/div><div class=\"fusion-sep-clear\"><\/div><\/div><\/div><div class=\"fusion-clearfix\"><\/div><\/div><\/div><\/div><\/div><div class=\"fusion-fullwidth fullwidth-box fusion-builder-row-5 hundred-percent-fullwidth non-hundred-percent-height-scrolling fusion-equal-height-columns\" style=\"--awb-background-position:center top;--awb-border-sizes-top:0px;--awb-border-sizes-bottom:0px;--awb-border-sizes-left:0px;--awb-border-sizes-right:0px;--awb-border-color:#ffffff;--awb-border-radius-top-left:0px;--awb-border-radius-top-right:0px;--awb-border-radius-bottom-right:0px;--awb-border-radius-bottom-left:0px;--awb-padding-top:0px;--awb-padding-right:0px;--awb-padding-bottom:0px;--awb-padding-left:0px;--awb-margin-top:0px;--awb-margin-bottom:0px;--awb-background-color:rgba(255,255,255,0);--awb-flex-wrap:wrap;\" id=\"maison\" ><div class=\"fusion-builder-row fusion-row\"><div class=\"fusion-layout-column fusion_builder_column fusion-builder-column-9 fusion_builder_column_1_3 1_3 fusion-one-third fusion-column-first fusion-animated\" style=\"--awb-padding-top:0px;--awb-padding-right:0px;--awb-padding-bottom:0px;--awb-padding-left:0px;--awb-bg-image:url(&#039;https:\/\/www.carolinebouvier.fr\/wp-content\/uploads\/2020\/06\/SR2.jpg&#039;);--awb-bg-position:center center;--awb-bg-size:cover;\" data-animationtype=\"fadeInRight\" data-animationduration=\"1.0\" data-animationoffset=\"top-into-view\"><div class=\"fusion-column-wrapper fusion-column-has-shadow fusion-flex-column-wrapper-legacy fusion-column-has-bg-image\" data-bg-url=\"https:\/\/www.carolinebouvier.fr\/wp-content\/uploads\/2020\/06\/SR2.jpg\"><div class=\"fusion-column-content-centered\"><div class=\"fusion-column-content\"><div class=\"fusion-sep-clear\"><\/div><div class=\"fusion-separator fusion-full-width-sep\" style=\"margin-left: auto;margin-right: auto;margin-top:50%;width:100%;\"><\/div><div class=\"fusion-sep-clear\"><\/div><\/div><\/div><div class=\"fusion-clearfix\"><\/div><\/div><\/div><div class=\"fusion-layout-column fusion_builder_column fusion-builder-column-10 fusion_builder_column_2_3 2_3 fusion-two-third fusion-column-last fusion-animated\" style=\"--awb-padding-top:10%;--awb-padding-right:10%;--awb-padding-bottom:10%;--awb-padding-left:10%;--awb-bg-size:cover;\" data-animationtype=\"fadeInLeft\" data-animationduration=\"1.0\" data-animationoffset=\"top-mid-of-view\"><div class=\"fusion-column-wrapper fusion-column-has-shadow fusion-flex-column-wrapper-legacy\"><div class=\"fusion-column-content-centered\"><div class=\"fusion-column-content\"><div class=\"fusion-title title fusion-title-5 fusion-sep-none fusion-title-center fusion-title-text fusion-title-size-two\"><h2 class=\"fusion-title-heading title-heading-center\" style=\"margin:0;\">The Showroom<\/h2><\/div><div class=\"fusion-text fusion-text-5\"><p style=\"text-align: justify;\">The creation of a \"Men's\" range was an obvious choice following the observation of a need expressed by men: It is time to say \"stop\" to the standardization of men's clothing, stop to the standardization of a unique morphology not adapted to each person...<\/p>\n<p style=\"text-align: justify;\">Stimulated by this idea, Caroline Bouvier decided to offer these gentlemen a range of quality services, just like those offered to her female clients.<\/p>\n<p style=\"text-align: justify;\">That induces a personalized accompaniment, a confection semi on-measure of high quality. A variety of cuts, materials ... adapted to each need and each morphology.<\/p>\n<p style=\"text-align: justify;\">Far from a simple traditional \"sale\", the Couture House advocates a desire to interact and share with its customers.<\/p>\n<p style=\"text-align: justify;\">It is this desire to unify and personalize each relationship that makes the Maison de Couture unique.<\/p>\n<\/div><\/div><\/div><div class=\"fusion-clearfix\"><\/div><\/div><\/div><\/div><\/div><\/p>","protected":false},"excerpt":{"rendered":"","protected":false},"author":1,"featured_media":0,"parent":0,"menu_order":0,"comment_status":"closed","ping_status":"closed","template":"100-width.php","meta":{"footnotes":""},"class_list":["post-822","page","type-page","status-publish","hentry"],"yoast_head":"<!-- This site is optimized with the Yoast SEO plugin v26.5 - https:\/\/yoast.com\/wordpress\/plugins\/seo\/ -->\n<title>Maison de couture Caroline Bouvier - L&#039;Histoire de la Maison - Caroline Bouvier<\/title>\n<meta name=\"robots\" content=\"index, follow, max-snippet:-1, max-image-preview:large, max-video-preview:-1\" \/>\n<link rel=\"canonical\" href=\"https:\/\/www.carolinebouvier.fr\/en\/la-marque\/\" \/>\n<meta property=\"og:locale\" content=\"en_US\" \/>\n<meta property=\"og:type\" content=\"article\" \/>\n<meta property=\"og:title\" content=\"Maison de couture Caroline Bouvier - L&#039;Histoire de la Maison - Caroline Bouvier\" \/>\n<meta property=\"og:url\" content=\"https:\/\/www.carolinebouvier.fr\/en\/la-marque\/\" \/>\n<meta property=\"og:site_name\" content=\"Caroline Bouvier\" \/>\n<meta property=\"article:publisher\" content=\"https:\/\/www.facebook.com\/carolinebouvierofficiel\/\" \/>\n<meta property=\"article:modified_time\" content=\"2021-09-08T07:58:39+00:00\" \/>\n<meta name=\"twitter:card\" content=\"summary_large_image\" \/>\n<meta name=\"twitter:site\" content=\"@OfficielBouvier\" \/>\n<meta name=\"twitter:label1\" content=\"Est. reading time\" \/>\n\t<meta name=\"twitter:data1\" content=\"8 minutes\" \/>\n<script type=\"application\/ld+json\" class=\"yoast-schema-graph\">{\"@context\":\"https:\/\/schema.org\",\"@graph\":[{\"@type\":\"WebPage\",\"@id\":\"https:\/\/www.carolinebouvier.fr\/la-marque\/\",\"url\":\"https:\/\/www.carolinebouvier.fr\/la-marque\/\",\"name\":\"Maison de couture Caroline Bouvier - L'Histoire de la Maison - Caroline Bouvier\",\"isPartOf\":{\"@id\":\"https:\/\/www.carolinebouvier.fr\/#website\"},\"datePublished\":\"2018-10-14T11:23:50+00:00\",\"dateModified\":\"2021-09-08T07:58:39+00:00\",\"breadcrumb\":{\"@id\":\"https:\/\/www.carolinebouvier.fr\/la-marque\/#breadcrumb\"},\"inLanguage\":\"en-US\",\"potentialAction\":[{\"@type\":\"ReadAction\",\"target\":[\"https:\/\/www.carolinebouvier.fr\/la-marque\/\"]}]},{\"@type\":\"BreadcrumbList\",\"@id\":\"https:\/\/www.carolinebouvier.fr\/la-marque\/#breadcrumb\",\"itemListElement\":[{\"@type\":\"ListItem\",\"position\":1,\"name\":\"Accueil\",\"item\":\"https:\/\/www.carolinebouvier.fr\/\"},{\"@type\":\"ListItem\",\"position\":2,\"name\":\"Maison de couture Caroline Bouvier &#8211; L&rsquo;Histoire de la Maison\"}]},{\"@type\":\"WebSite\",\"@id\":\"https:\/\/www.carolinebouvier.fr\/#website\",\"url\":\"https:\/\/www.carolinebouvier.fr\/\",\"name\":\"Caroline Bouvier\",\"description\":\"Maison de couture\",\"publisher\":{\"@id\":\"https:\/\/www.carolinebouvier.fr\/#organization\"},\"potentialAction\":[{\"@type\":\"SearchAction\",\"target\":{\"@type\":\"EntryPoint\",\"urlTemplate\":\"https:\/\/www.carolinebouvier.fr\/?s={search_term_string}\"},\"query-input\":{\"@type\":\"PropertyValueSpecification\",\"valueRequired\":true,\"valueName\":\"search_term_string\"}}],\"inLanguage\":\"en-US\"},{\"@type\":\"Organization\",\"@id\":\"https:\/\/www.carolinebouvier.fr\/#organization\",\"name\":\"Caroline Bouvier\",\"url\":\"https:\/\/www.carolinebouvier.fr\/\",\"logo\":{\"@type\":\"ImageObject\",\"inLanguage\":\"en-US\",\"@id\":\"https:\/\/www.carolinebouvier.fr\/#\/schema\/logo\/image\/\",\"url\":\"https:\/\/www.carolinebouvier.fr\/wp-content\/uploads\/2017\/07\/Caroline-Bouvier-LOGO-300px.png\",\"contentUrl\":\"https:\/\/www.carolinebouvier.fr\/wp-content\/uploads\/2017\/07\/Caroline-Bouvier-LOGO-300px.png\",\"width\":300,\"height\":44,\"caption\":\"Caroline Bouvier\"},\"image\":{\"@id\":\"https:\/\/www.carolinebouvier.fr\/#\/schema\/logo\/image\/\"},\"sameAs\":[\"https:\/\/www.facebook.com\/carolinebouvierofficiel\/\",\"https:\/\/x.com\/OfficielBouvier\"]}]}<\/script>\n<!-- \/ Yoast SEO plugin. -->","yoast_head_json":{"title":"Maison de couture Caroline Bouvier - L'Histoire de la Maison - Caroline Bouvier","robots":{"index":"index","follow":"follow","max-snippet":"max-snippet:-1","max-image-preview":"max-image-preview:large","max-video-preview":"max-video-preview:-1"},"canonical":"https:\/\/www.carolinebouvier.fr\/en\/la-marque\/","og_locale":"en_US","og_type":"article","og_title":"Maison de couture Caroline Bouvier - L'Histoire de la Maison - Caroline Bouvier","og_url":"https:\/\/www.carolinebouvier.fr\/en\/la-marque\/","og_site_name":"Caroline Bouvier","article_publisher":"https:\/\/www.facebook.com\/carolinebouvierofficiel\/","article_modified_time":"2021-09-08T07:58:39+00:00","twitter_card":"summary_large_image","twitter_site":"@OfficielBouvier","twitter_misc":{"Est. reading time":"8 minutes"},"schema":{"@context":"https:\/\/schema.org","@graph":[{"@type":"WebPage","@id":"https:\/\/www.carolinebouvier.fr\/la-marque\/","url":"https:\/\/www.carolinebouvier.fr\/la-marque\/","name":"Maison de couture Caroline Bouvier - L'Histoire de la Maison - Caroline Bouvier","isPartOf":{"@id":"https:\/\/www.carolinebouvier.fr\/#website"},"datePublished":"2018-10-14T11:23:50+00:00","dateModified":"2021-09-08T07:58:39+00:00","breadcrumb":{"@id":"https:\/\/www.carolinebouvier.fr\/la-marque\/#breadcrumb"},"inLanguage":"en-US","potentialAction":[{"@type":"ReadAction","target":["https:\/\/www.carolinebouvier.fr\/la-marque\/"]}]},{"@type":"BreadcrumbList","@id":"https:\/\/www.carolinebouvier.fr\/la-marque\/#breadcrumb","itemListElement":[{"@type":"ListItem","position":1,"name":"Accueil","item":"https:\/\/www.carolinebouvier.fr\/"},{"@type":"ListItem","position":2,"name":"Maison de couture Caroline Bouvier &#8211; L&rsquo;Histoire de la Maison"}]},{"@type":"WebSite","@id":"https:\/\/www.carolinebouvier.fr\/#website","url":"https:\/\/www.carolinebouvier.fr\/","name":"Caroline Bouvier","description":"Fashion house","publisher":{"@id":"https:\/\/www.carolinebouvier.fr\/#organization"},"potentialAction":[{"@type":"SearchAction","target":{"@type":"EntryPoint","urlTemplate":"https:\/\/www.carolinebouvier.fr\/?s={search_term_string}"},"query-input":{"@type":"PropertyValueSpecification","valueRequired":true,"valueName":"search_term_string"}}],"inLanguage":"en-US"},{"@type":"Organization","@id":"https:\/\/www.carolinebouvier.fr\/#organization","name":"Caroline Bouvier","url":"https:\/\/www.carolinebouvier.fr\/","logo":{"@type":"ImageObject","inLanguage":"en-US","@id":"https:\/\/www.carolinebouvier.fr\/#\/schema\/logo\/image\/","url":"https:\/\/www.carolinebouvier.fr\/wp-content\/uploads\/2017\/07\/Caroline-Bouvier-LOGO-300px.png","contentUrl":"https:\/\/www.carolinebouvier.fr\/wp-content\/uploads\/2017\/07\/Caroline-Bouvier-LOGO-300px.png","width":300,"height":44,"caption":"Caroline Bouvier"},"image":{"@id":"https:\/\/www.carolinebouvier.fr\/#\/schema\/logo\/image\/"},"sameAs":["https:\/\/www.facebook.com\/carolinebouvierofficiel\/","https:\/\/x.com\/OfficielBouvier"]}]}},"_links":{"self":[{"href":"https:\/\/www.carolinebouvier.fr\/en\/wp-json\/wp\/v2\/pages\/822","targetHints":{"allow":["GET"]}}],"collection":[{"href":"https:\/\/www.carolinebouvier.fr\/en\/wp-json\/wp\/v2\/pages"}],"about":[{"href":"https:\/\/www.carolinebouvier.fr\/en\/wp-json\/wp\/v2\/types\/page"}],"author":[{"embeddable":true,"href":"https:\/\/www.carolinebouvier.fr\/en\/wp-json\/wp\/v2\/users\/1"}],"replies":[{"embeddable":true,"href":"https:\/\/www.carolinebouvier.fr\/en\/wp-json\/wp\/v2\/comments?post=822"}],"version-history":[{"count":0,"href":"https:\/\/www.carolinebouvier.fr\/en\/wp-json\/wp\/v2\/pages\/822\/revisions"}],"wp:attachment":[{"href":"https:\/\/www.carolinebouvier.fr\/en\/wp-json\/wp\/v2\/media?parent=822"}],"curies":[{"name":"wp","href":"https:\/\/api.w.org\/{rel}","templated":true}]}}