{"id":2871,"date":"2020-06-29T17:25:21","date_gmt":"2020-06-29T15:25:21","guid":{"rendered":"https:\/\/www.carolinebouvier.fr\/?post_type=product&#038;p=2871"},"modified":"2020-12-07T15:05:14","modified_gmt":"2020-12-07T14:05:14","slug":"robe-louise","status":"publish","type":"product","link":"https:\/\/www.carolinebouvier.fr\/en\/product\/robe-louise\/","title":{"rendered":"Louise dress"},"content":{"rendered":"","protected":false},"excerpt":{"rendered":"[fusion_button link=\"https:\/\/www.carolinebouvier.fr\/e-boutique\/les-pieces-uniques-la-e-boutique\/\" text_transform=\"\" title=\"\" target=\"_self\" link_attributes=\"\" alignment=\"left\" modal=\"\" hide_on_mobile=\"small-visibility,medium-visibility,large-visibility\" class=\"\" id=\"\" color=\"default\" button_gradient_top_color=\"\" button_gradient_bottom_color=\"\" button_gradient_top_color_hover=\"\" button_gradient_bottom_color_hover=\"\" accent_color=\"\" accent_hover_color=\"\" type=\"\" bevel_color=\"\" border_width=\"\" border_radius=\"\" border_color=\"\" border_hover_color=\"\" size=\"\" stretch=\"no\" icon=\"fa-chevron-left fas\" icon_position=\"left\" icon_divider=\"no\" animation_type=\"\" animation_direction=\"left\" animation_speed=\"0.3\" animation_offset=\"\"]Back Unique Parts[\/fusion_button]\n[fusion_separator style_type=\"single solid\" hide_on_mobile=\"small-visibility,medium-visibility,large-visibility\" class=\"\" id=\"\" sep_color=\"\" top_margin=\"30px\" bottom_margin=\"20px\" border_size=\"\" icon=\"\" icon_size=\"\" icon_circle=\"\" icon_circle_color=\"\" width=\"\" alignment=\"center\"][\/fusion_separator]\n<p class=\"Corps\">Short dress heart shape cotton gingham gray and beige. Perfect as a day dress.<br \/>\n<strong>Size 38<\/strong><\/p>\n<p>Each of our pieces being unique, it is not possible to place an order for a personalized size via our website.<\/p>\n<p>Can't find your size?  <strong><a href=\"https:\/\/www.carolinebouvier.fr\/en\/nous-trouver\/\">Make an appointment!<\/a><\/strong> All of our unique pieces are custom made, so we can meet your customization requests. [fusion_separator style_type=\"single solid\" hide_on_mobile=\"small-visibility,medium-visibility,large-visibility\" class=\"\" id=\"\" sep_color=\"\" top_margin=\"\" bottom_margin=\"20px\" border_size=\"\" icon=\"\" icon_size=\"\" icon_circle=\"\" icon_circle_color=\"\" width=\"\" alignment=\"center\"][\/fusion_separator]<\/p>","protected":false},"featured_media":2872,"template":"","meta":[],"product_brand":[],"product_cat":[23],"product_tag":[],"class_list":{"0":"post-2871","1":"product","2":"type-product","3":"status-publish","4":"has-post-thumbnail","6":"product_cat-les-pieces-uniques","8":"first","9":"instock","10":"sold-individually","11":"shipping-taxable","12":"purchasable","13":"product-type-simple"},"yoast_head":"<!-- This site is optimized with the Yoast SEO plugin v26.5 - https:\/\/yoast.com\/wordpress\/plugins\/seo\/ -->\n<title>Robe Louise - Caroline Bouvier<\/title>\n<meta name=\"robots\" content=\"index, follow, max-snippet:-1, max-image-preview:large, max-video-preview:-1\" \/>\n<link rel=\"canonical\" href=\"https:\/\/www.carolinebouvier.fr\/en\/product\/robe-louise\/\" \/>\n<meta property=\"og:locale\" content=\"en_US\" \/>\n<meta property=\"og:type\" content=\"article\" \/>\n<meta property=\"og:title\" content=\"Robe Louise - Caroline Bouvier\" \/>\n<meta property=\"og:description\" content=\"Robe courte forme c\u0153ur en coton vichy gris et beige. Parfaite en robe du jour. Taille 38 Chacune de nos pi\u00e8ces \u00e9tant unique, il n\u2019est pas possible de passer commande pour une taille personnalis\u00e9e via notre site.  Vous ne trouvez pas votre taille ? Prenez rendez-vous ! Toutes nos pi\u00e8ces uniques \u00e9tant con\u00e7ues sur-mesure, nous pouvons r\u00e9pondre \u00e0 vos demandes de personnalisation.\" \/>\n<meta property=\"og:url\" content=\"https:\/\/www.carolinebouvier.fr\/en\/product\/robe-louise\/\" \/>\n<meta property=\"og:site_name\" content=\"Caroline Bouvier\" \/>\n<meta property=\"article:publisher\" content=\"https:\/\/www.facebook.com\/carolinebouvierofficiel\/\" \/>\n<meta property=\"article:modified_time\" content=\"2020-12-07T14:05:14+00:00\" \/>\n<meta property=\"og:image\" content=\"https:\/\/www.carolinebouvier.fr\/wp-content\/uploads\/2020\/06\/Caroline_Bouvier_Pi\u00e8ces_Uniques_Louise_Robe2.jpg\" \/>\n\t<meta property=\"og:image:width\" content=\"998\" \/>\n\t<meta property=\"og:image:height\" content=\"1500\" \/>\n\t<meta property=\"og:image:type\" content=\"image\/jpeg\" \/>\n<meta name=\"twitter:card\" content=\"summary_large_image\" \/>\n<meta name=\"twitter:site\" content=\"@OfficielBouvier\" \/>\n<script type=\"application\/ld+json\" class=\"yoast-schema-graph\">{\"@context\":\"https:\/\/schema.org\",\"@graph\":[{\"@type\":\"WebPage\",\"@id\":\"https:\/\/www.carolinebouvier.fr\/produit\/robe-louise\/\",\"url\":\"https:\/\/www.carolinebouvier.fr\/produit\/robe-louise\/\",\"name\":\"Robe Louise - Caroline Bouvier\",\"isPartOf\":{\"@id\":\"https:\/\/www.carolinebouvier.fr\/#website\"},\"primaryImageOfPage\":{\"@id\":\"https:\/\/www.carolinebouvier.fr\/produit\/robe-louise\/#primaryimage\"},\"image\":{\"@id\":\"https:\/\/www.carolinebouvier.fr\/produit\/robe-louise\/#primaryimage\"},\"thumbnailUrl\":\"https:\/\/www.carolinebouvier.fr\/wp-content\/uploads\/2020\/06\/Caroline_Bouvier_Pi\u00e8ces_Uniques_Louise_Robe2.jpg\",\"datePublished\":\"2020-06-29T15:25:21+00:00\",\"dateModified\":\"2020-12-07T14:05:14+00:00\",\"breadcrumb\":{\"@id\":\"https:\/\/www.carolinebouvier.fr\/produit\/robe-louise\/#breadcrumb\"},\"inLanguage\":\"en-US\",\"potentialAction\":[{\"@type\":\"ReadAction\",\"target\":[\"https:\/\/www.carolinebouvier.fr\/produit\/robe-louise\/\"]}]},{\"@type\":\"ImageObject\",\"inLanguage\":\"en-US\",\"@id\":\"https:\/\/www.carolinebouvier.fr\/produit\/robe-louise\/#primaryimage\",\"url\":\"https:\/\/www.carolinebouvier.fr\/wp-content\/uploads\/2020\/06\/Caroline_Bouvier_Pi\u00e8ces_Uniques_Louise_Robe2.jpg\",\"contentUrl\":\"https:\/\/www.carolinebouvier.fr\/wp-content\/uploads\/2020\/06\/Caroline_Bouvier_Pi\u00e8ces_Uniques_Louise_Robe2.jpg\",\"width\":998,\"height\":1500,\"caption\":\"Caroline Bouvier - Les Pi\u00e8ces Uniques Robe Louise\"},{\"@type\":\"BreadcrumbList\",\"@id\":\"https:\/\/www.carolinebouvier.fr\/produit\/robe-louise\/#breadcrumb\",\"itemListElement\":[{\"@type\":\"ListItem\",\"position\":1,\"name\":\"Accueil\",\"item\":\"https:\/\/www.carolinebouvier.fr\/\"},{\"@type\":\"ListItem\",\"position\":2,\"name\":\"Produits\",\"item\":\"https:\/\/www.carolinebouvier.fr\/shop\/\"},{\"@type\":\"ListItem\",\"position\":3,\"name\":\"Robe Louise\"}]},{\"@type\":\"WebSite\",\"@id\":\"https:\/\/www.carolinebouvier.fr\/#website\",\"url\":\"https:\/\/www.carolinebouvier.fr\/\",\"name\":\"Caroline Bouvier\",\"description\":\"Maison de couture\",\"publisher\":{\"@id\":\"https:\/\/www.carolinebouvier.fr\/#organization\"},\"potentialAction\":[{\"@type\":\"SearchAction\",\"target\":{\"@type\":\"EntryPoint\",\"urlTemplate\":\"https:\/\/www.carolinebouvier.fr\/?s={search_term_string}\"},\"query-input\":{\"@type\":\"PropertyValueSpecification\",\"valueRequired\":true,\"valueName\":\"search_term_string\"}}],\"inLanguage\":\"en-US\"},{\"@type\":\"Organization\",\"@id\":\"https:\/\/www.carolinebouvier.fr\/#organization\",\"name\":\"Caroline Bouvier\",\"url\":\"https:\/\/www.carolinebouvier.fr\/\",\"logo\":{\"@type\":\"ImageObject\",\"inLanguage\":\"en-US\",\"@id\":\"https:\/\/www.carolinebouvier.fr\/#\/schema\/logo\/image\/\",\"url\":\"https:\/\/www.carolinebouvier.fr\/wp-content\/uploads\/2017\/07\/Caroline-Bouvier-LOGO-300px.png\",\"contentUrl\":\"https:\/\/www.carolinebouvier.fr\/wp-content\/uploads\/2017\/07\/Caroline-Bouvier-LOGO-300px.png\",\"width\":300,\"height\":44,\"caption\":\"Caroline Bouvier\"},\"image\":{\"@id\":\"https:\/\/www.carolinebouvier.fr\/#\/schema\/logo\/image\/\"},\"sameAs\":[\"https:\/\/www.facebook.com\/carolinebouvierofficiel\/\",\"https:\/\/x.com\/OfficielBouvier\"]}]}<\/script>\n<!-- \/ Yoast SEO plugin. -->","yoast_head_json":{"title":"Robe Louise - Caroline Bouvier","robots":{"index":"index","follow":"follow","max-snippet":"max-snippet:-1","max-image-preview":"max-image-preview:large","max-video-preview":"max-video-preview:-1"},"canonical":"https:\/\/www.carolinebouvier.fr\/en\/product\/robe-louise\/","og_locale":"en_US","og_type":"article","og_title":"Robe Louise - Caroline Bouvier","og_description":"Robe courte forme c\u0153ur en coton vichy gris et beige. Parfaite en robe du jour. Taille 38 Chacune de nos pi\u00e8ces \u00e9tant unique, il n\u2019est pas possible de passer commande pour une taille personnalis\u00e9e via notre site.  Vous ne trouvez pas votre taille ? Prenez rendez-vous ! Toutes nos pi\u00e8ces uniques \u00e9tant con\u00e7ues sur-mesure, nous pouvons r\u00e9pondre \u00e0 vos demandes de personnalisation.","og_url":"https:\/\/www.carolinebouvier.fr\/en\/product\/robe-louise\/","og_site_name":"Caroline Bouvier","article_publisher":"https:\/\/www.facebook.com\/carolinebouvierofficiel\/","article_modified_time":"2020-12-07T14:05:14+00:00","og_image":[{"width":998,"height":1500,"url":"https:\/\/www.carolinebouvier.fr\/wp-content\/uploads\/2020\/06\/Caroline_Bouvier_Pi\u00e8ces_Uniques_Louise_Robe2.jpg","type":"image\/jpeg"}],"twitter_card":"summary_large_image","twitter_site":"@OfficielBouvier","schema":{"@context":"https:\/\/schema.org","@graph":[{"@type":"WebPage","@id":"https:\/\/www.carolinebouvier.fr\/produit\/robe-louise\/","url":"https:\/\/www.carolinebouvier.fr\/produit\/robe-louise\/","name":"Robe Louise - Caroline Bouvier","isPartOf":{"@id":"https:\/\/www.carolinebouvier.fr\/#website"},"primaryImageOfPage":{"@id":"https:\/\/www.carolinebouvier.fr\/produit\/robe-louise\/#primaryimage"},"image":{"@id":"https:\/\/www.carolinebouvier.fr\/produit\/robe-louise\/#primaryimage"},"thumbnailUrl":"https:\/\/www.carolinebouvier.fr\/wp-content\/uploads\/2020\/06\/Caroline_Bouvier_Pi\u00e8ces_Uniques_Louise_Robe2.jpg","datePublished":"2020-06-29T15:25:21+00:00","dateModified":"2020-12-07T14:05:14+00:00","breadcrumb":{"@id":"https:\/\/www.carolinebouvier.fr\/produit\/robe-louise\/#breadcrumb"},"inLanguage":"en-US","potentialAction":[{"@type":"ReadAction","target":["https:\/\/www.carolinebouvier.fr\/produit\/robe-louise\/"]}]},{"@type":"ImageObject","inLanguage":"en-US","@id":"https:\/\/www.carolinebouvier.fr\/produit\/robe-louise\/#primaryimage","url":"https:\/\/www.carolinebouvier.fr\/wp-content\/uploads\/2020\/06\/Caroline_Bouvier_Pi\u00e8ces_Uniques_Louise_Robe2.jpg","contentUrl":"https:\/\/www.carolinebouvier.fr\/wp-content\/uploads\/2020\/06\/Caroline_Bouvier_Pi\u00e8ces_Uniques_Louise_Robe2.jpg","width":998,"height":1500,"caption":"Caroline Bouvier - Les Pi\u00e8ces Uniques Robe Louise"},{"@type":"BreadcrumbList","@id":"https:\/\/www.carolinebouvier.fr\/produit\/robe-louise\/#breadcrumb","itemListElement":[{"@type":"ListItem","position":1,"name":"Accueil","item":"https:\/\/www.carolinebouvier.fr\/"},{"@type":"ListItem","position":2,"name":"Produits","item":"https:\/\/www.carolinebouvier.fr\/shop\/"},{"@type":"ListItem","position":3,"name":"Robe Louise"}]},{"@type":"WebSite","@id":"https:\/\/www.carolinebouvier.fr\/#website","url":"https:\/\/www.carolinebouvier.fr\/","name":"Caroline Bouvier","description":"Fashion house","publisher":{"@id":"https:\/\/www.carolinebouvier.fr\/#organization"},"potentialAction":[{"@type":"SearchAction","target":{"@type":"EntryPoint","urlTemplate":"https:\/\/www.carolinebouvier.fr\/?s={search_term_string}"},"query-input":{"@type":"PropertyValueSpecification","valueRequired":true,"valueName":"search_term_string"}}],"inLanguage":"en-US"},{"@type":"Organization","@id":"https:\/\/www.carolinebouvier.fr\/#organization","name":"Caroline Bouvier","url":"https:\/\/www.carolinebouvier.fr\/","logo":{"@type":"ImageObject","inLanguage":"en-US","@id":"https:\/\/www.carolinebouvier.fr\/#\/schema\/logo\/image\/","url":"https:\/\/www.carolinebouvier.fr\/wp-content\/uploads\/2017\/07\/Caroline-Bouvier-LOGO-300px.png","contentUrl":"https:\/\/www.carolinebouvier.fr\/wp-content\/uploads\/2017\/07\/Caroline-Bouvier-LOGO-300px.png","width":300,"height":44,"caption":"Caroline Bouvier"},"image":{"@id":"https:\/\/www.carolinebouvier.fr\/#\/schema\/logo\/image\/"},"sameAs":["https:\/\/www.facebook.com\/carolinebouvierofficiel\/","https:\/\/x.com\/OfficielBouvier"]}]}},"_links":{"self":[{"href":"https:\/\/www.carolinebouvier.fr\/en\/wp-json\/wp\/v2\/product\/2871","targetHints":{"allow":["GET"]}}],"collection":[{"href":"https:\/\/www.carolinebouvier.fr\/en\/wp-json\/wp\/v2\/product"}],"about":[{"href":"https:\/\/www.carolinebouvier.fr\/en\/wp-json\/wp\/v2\/types\/product"}],"wp:featuredmedia":[{"embeddable":true,"href":"https:\/\/www.carolinebouvier.fr\/en\/wp-json\/wp\/v2\/media\/2872"}],"wp:attachment":[{"href":"https:\/\/www.carolinebouvier.fr\/en\/wp-json\/wp\/v2\/media?parent=2871"}],"wp:term":[{"taxonomy":"product_brand","embeddable":true,"href":"https:\/\/www.carolinebouvier.fr\/en\/wp-json\/wp\/v2\/product_brand?post=2871"},{"taxonomy":"product_cat","embeddable":true,"href":"https:\/\/www.carolinebouvier.fr\/en\/wp-json\/wp\/v2\/product_cat?post=2871"},{"taxonomy":"product_tag","embeddable":true,"href":"https:\/\/www.carolinebouvier.fr\/en\/wp-json\/wp\/v2\/product_tag?post=2871"}],"curies":[{"name":"wp","href":"https:\/\/api.w.org\/{rel}","templated":true}]}}