{"id":3024,"date":"2020-07-15T17:39:01","date_gmt":"2020-07-15T15:39:01","guid":{"rendered":"https:\/\/www.carolinebouvier.fr\/?post_type=product&#038;p=3024"},"modified":"2020-07-31T11:30:25","modified_gmt":"2020-07-31T09:30:25","slug":"capeline-a-noeud","status":"publish","type":"product","link":"https:\/\/www.carolinebouvier.fr\/en\/product\/capeline-a-noeud\/","title":{"rendered":"The bowed cape"},"content":{"rendered":"","protected":false},"excerpt":{"rendered":"[fusion_button link=\"https:\/\/www.carolinebouvier.fr\/e-boutique\/les-accessoires-la-e-boutique\/\" text_transform=\"\" title=\"\" target=\"_self\" link_attributes=\"\" alignment=\"left\" modal=\"\" hide_on_mobile=\"small-visibility,medium-visibility,large-visibility\" class=\"\" id=\"\" color=\"default\" button_gradient_top_color=\"\" button_gradient_bottom_color=\"\" button_gradient_top_color_hover=\"\" button_gradient_bottom_color_hover=\"\" accent_color=\"\" accent_hover_color=\"\" type=\"\" bevel_color=\"\" border_width=\"\" border_radius=\"\" border_color=\"\" border_hover_color=\"\" size=\"\" stretch=\"no\" icon=\"fa-chevron-left fas\" icon_position=\"left\" icon_divider=\"no\" animation_type=\"\" animation_direction=\"left\" animation_speed=\"0.3\" animation_offset=\"\"]Back to accessories[\/fusion_button]\n[fusion_separator style_type=\"single solid\" hide_on_mobile=\"small-visibility,medium-visibility,large-visibility\" class=\"\" id=\"\" sep_color=\"\" top_margin=\"30px\" bottom_margin=\"20px\" border_size=\"\" icon=\"\" icon_size=\"\" icon_circle=\"\" icon_circle_color=\"\" width=\"\" alignment=\"center\"][\/fusion_separator]\n<p class=\"Corps\">Caramel colored straw bow cap with taupe edges.<br \/>\nIdeal for the beautiful days!<br \/>\nProduced by <a href=\"http:\/\/www.chapeauxbernadette.fr\">Bernadette DeConihout<\/a><\/p>\n[fusion_separator style_type=\"single solid\" hide_on_mobile=\"small-visibility,medium-visibility,large-visibility\" class=\"\" id=\"\" sep_color=\"\" top_margin=\"\" bottom_margin=\"20px\" border_size=\"\" icon=\"\" icon_size=\"\" icon_circle=\"\" icon_circle_color=\"\" width=\"\" alignment=\"center\"][\/fusion_separator]","protected":false},"featured_media":3025,"template":"","meta":[],"product_brand":[],"product_cat":[69],"product_tag":[],"class_list":{"0":"post-3024","1":"product","2":"type-product","3":"status-publish","4":"has-post-thumbnail","6":"product_cat-les-accessoires","8":"first","9":"instock","10":"shipping-taxable","11":"purchasable","12":"product-type-simple"},"yoast_head":"<!-- This site is optimized with the Yoast SEO plugin v26.5 - https:\/\/yoast.com\/wordpress\/plugins\/seo\/ -->\n<title>La capeline \u00e0 n\u0153ud - Caroline Bouvier<\/title>\n<meta name=\"robots\" content=\"index, follow, max-snippet:-1, max-image-preview:large, max-video-preview:-1\" \/>\n<link rel=\"canonical\" href=\"https:\/\/www.carolinebouvier.fr\/en\/product\/capeline-a-noeud\/\" \/>\n<meta property=\"og:locale\" content=\"en_US\" \/>\n<meta property=\"og:type\" content=\"article\" \/>\n<meta property=\"og:title\" content=\"La capeline \u00e0 n\u0153ud - Caroline Bouvier\" \/>\n<meta property=\"og:description\" content=\"Capeline \u00e0 n\u0153ud en paille couleur caramel et aux bords taupe. Id\u00e9ale pour les beaux jours ! R\u00e9alis\u00e9e par Bernadette DeConihout\" \/>\n<meta property=\"og:url\" content=\"https:\/\/www.carolinebouvier.fr\/en\/product\/capeline-a-noeud\/\" \/>\n<meta property=\"og:site_name\" content=\"Caroline Bouvier\" \/>\n<meta property=\"article:publisher\" content=\"https:\/\/www.facebook.com\/carolinebouvierofficiel\/\" \/>\n<meta property=\"article:modified_time\" content=\"2020-07-31T09:30:25+00:00\" \/>\n<meta property=\"og:image\" content=\"https:\/\/www.carolinebouvier.fr\/wp-content\/uploads\/2020\/07\/Capeline_BernadetteDeConihout_THB.jpg\" \/>\n\t<meta property=\"og:image:width\" content=\"1500\" \/>\n\t<meta property=\"og:image:height\" content=\"1500\" \/>\n\t<meta property=\"og:image:type\" content=\"image\/jpeg\" \/>\n<meta name=\"twitter:card\" content=\"summary_large_image\" \/>\n<meta name=\"twitter:site\" content=\"@OfficielBouvier\" \/>\n<script type=\"application\/ld+json\" class=\"yoast-schema-graph\">{\"@context\":\"https:\/\/schema.org\",\"@graph\":[{\"@type\":\"WebPage\",\"@id\":\"https:\/\/www.carolinebouvier.fr\/produit\/capeline-a-noeud\/\",\"url\":\"https:\/\/www.carolinebouvier.fr\/produit\/capeline-a-noeud\/\",\"name\":\"La capeline \u00e0 n\u0153ud - Caroline Bouvier\",\"isPartOf\":{\"@id\":\"https:\/\/www.carolinebouvier.fr\/#website\"},\"primaryImageOfPage\":{\"@id\":\"https:\/\/www.carolinebouvier.fr\/produit\/capeline-a-noeud\/#primaryimage\"},\"image\":{\"@id\":\"https:\/\/www.carolinebouvier.fr\/produit\/capeline-a-noeud\/#primaryimage\"},\"thumbnailUrl\":\"https:\/\/www.carolinebouvier.fr\/wp-content\/uploads\/2020\/07\/Capeline_BernadetteDeConihout_THB.jpg\",\"datePublished\":\"2020-07-15T15:39:01+00:00\",\"dateModified\":\"2020-07-31T09:30:25+00:00\",\"breadcrumb\":{\"@id\":\"https:\/\/www.carolinebouvier.fr\/produit\/capeline-a-noeud\/#breadcrumb\"},\"inLanguage\":\"en-US\",\"potentialAction\":[{\"@type\":\"ReadAction\",\"target\":[\"https:\/\/www.carolinebouvier.fr\/produit\/capeline-a-noeud\/\"]}]},{\"@type\":\"ImageObject\",\"inLanguage\":\"en-US\",\"@id\":\"https:\/\/www.carolinebouvier.fr\/produit\/capeline-a-noeud\/#primaryimage\",\"url\":\"https:\/\/www.carolinebouvier.fr\/wp-content\/uploads\/2020\/07\/Capeline_BernadetteDeConihout_THB.jpg\",\"contentUrl\":\"https:\/\/www.carolinebouvier.fr\/wp-content\/uploads\/2020\/07\/Capeline_BernadetteDeConihout_THB.jpg\",\"width\":1500,\"height\":1500,\"caption\":\"Capeline_Bernadette_De_Conihout\"},{\"@type\":\"BreadcrumbList\",\"@id\":\"https:\/\/www.carolinebouvier.fr\/produit\/capeline-a-noeud\/#breadcrumb\",\"itemListElement\":[{\"@type\":\"ListItem\",\"position\":1,\"name\":\"Accueil\",\"item\":\"https:\/\/www.carolinebouvier.fr\/\"},{\"@type\":\"ListItem\",\"position\":2,\"name\":\"Produits\",\"item\":\"https:\/\/www.carolinebouvier.fr\/shop\/\"},{\"@type\":\"ListItem\",\"position\":3,\"name\":\"La capeline \u00e0 n\u0153ud\"}]},{\"@type\":\"WebSite\",\"@id\":\"https:\/\/www.carolinebouvier.fr\/#website\",\"url\":\"https:\/\/www.carolinebouvier.fr\/\",\"name\":\"Caroline Bouvier\",\"description\":\"Maison de couture\",\"publisher\":{\"@id\":\"https:\/\/www.carolinebouvier.fr\/#organization\"},\"potentialAction\":[{\"@type\":\"SearchAction\",\"target\":{\"@type\":\"EntryPoint\",\"urlTemplate\":\"https:\/\/www.carolinebouvier.fr\/?s={search_term_string}\"},\"query-input\":{\"@type\":\"PropertyValueSpecification\",\"valueRequired\":true,\"valueName\":\"search_term_string\"}}],\"inLanguage\":\"en-US\"},{\"@type\":\"Organization\",\"@id\":\"https:\/\/www.carolinebouvier.fr\/#organization\",\"name\":\"Caroline Bouvier\",\"url\":\"https:\/\/www.carolinebouvier.fr\/\",\"logo\":{\"@type\":\"ImageObject\",\"inLanguage\":\"en-US\",\"@id\":\"https:\/\/www.carolinebouvier.fr\/#\/schema\/logo\/image\/\",\"url\":\"https:\/\/www.carolinebouvier.fr\/wp-content\/uploads\/2017\/07\/Caroline-Bouvier-LOGO-300px.png\",\"contentUrl\":\"https:\/\/www.carolinebouvier.fr\/wp-content\/uploads\/2017\/07\/Caroline-Bouvier-LOGO-300px.png\",\"width\":300,\"height\":44,\"caption\":\"Caroline Bouvier\"},\"image\":{\"@id\":\"https:\/\/www.carolinebouvier.fr\/#\/schema\/logo\/image\/\"},\"sameAs\":[\"https:\/\/www.facebook.com\/carolinebouvierofficiel\/\",\"https:\/\/x.com\/OfficielBouvier\"]}]}<\/script>\n<!-- \/ Yoast SEO plugin. -->","yoast_head_json":{"title":"La capeline \u00e0 n\u0153ud - Caroline Bouvier","robots":{"index":"index","follow":"follow","max-snippet":"max-snippet:-1","max-image-preview":"max-image-preview:large","max-video-preview":"max-video-preview:-1"},"canonical":"https:\/\/www.carolinebouvier.fr\/en\/product\/capeline-a-noeud\/","og_locale":"en_US","og_type":"article","og_title":"La capeline \u00e0 n\u0153ud - Caroline Bouvier","og_description":"Capeline \u00e0 n\u0153ud en paille couleur caramel et aux bords taupe. Id\u00e9ale pour les beaux jours ! R\u00e9alis\u00e9e par Bernadette DeConihout","og_url":"https:\/\/www.carolinebouvier.fr\/en\/product\/capeline-a-noeud\/","og_site_name":"Caroline Bouvier","article_publisher":"https:\/\/www.facebook.com\/carolinebouvierofficiel\/","article_modified_time":"2020-07-31T09:30:25+00:00","og_image":[{"width":1500,"height":1500,"url":"https:\/\/www.carolinebouvier.fr\/wp-content\/uploads\/2020\/07\/Capeline_BernadetteDeConihout_THB.jpg","type":"image\/jpeg"}],"twitter_card":"summary_large_image","twitter_site":"@OfficielBouvier","schema":{"@context":"https:\/\/schema.org","@graph":[{"@type":"WebPage","@id":"https:\/\/www.carolinebouvier.fr\/produit\/capeline-a-noeud\/","url":"https:\/\/www.carolinebouvier.fr\/produit\/capeline-a-noeud\/","name":"La capeline \u00e0 n\u0153ud - Caroline Bouvier","isPartOf":{"@id":"https:\/\/www.carolinebouvier.fr\/#website"},"primaryImageOfPage":{"@id":"https:\/\/www.carolinebouvier.fr\/produit\/capeline-a-noeud\/#primaryimage"},"image":{"@id":"https:\/\/www.carolinebouvier.fr\/produit\/capeline-a-noeud\/#primaryimage"},"thumbnailUrl":"https:\/\/www.carolinebouvier.fr\/wp-content\/uploads\/2020\/07\/Capeline_BernadetteDeConihout_THB.jpg","datePublished":"2020-07-15T15:39:01+00:00","dateModified":"2020-07-31T09:30:25+00:00","breadcrumb":{"@id":"https:\/\/www.carolinebouvier.fr\/produit\/capeline-a-noeud\/#breadcrumb"},"inLanguage":"en-US","potentialAction":[{"@type":"ReadAction","target":["https:\/\/www.carolinebouvier.fr\/produit\/capeline-a-noeud\/"]}]},{"@type":"ImageObject","inLanguage":"en-US","@id":"https:\/\/www.carolinebouvier.fr\/produit\/capeline-a-noeud\/#primaryimage","url":"https:\/\/www.carolinebouvier.fr\/wp-content\/uploads\/2020\/07\/Capeline_BernadetteDeConihout_THB.jpg","contentUrl":"https:\/\/www.carolinebouvier.fr\/wp-content\/uploads\/2020\/07\/Capeline_BernadetteDeConihout_THB.jpg","width":1500,"height":1500,"caption":"Capeline_Bernadette_De_Conihout"},{"@type":"BreadcrumbList","@id":"https:\/\/www.carolinebouvier.fr\/produit\/capeline-a-noeud\/#breadcrumb","itemListElement":[{"@type":"ListItem","position":1,"name":"Accueil","item":"https:\/\/www.carolinebouvier.fr\/"},{"@type":"ListItem","position":2,"name":"Produits","item":"https:\/\/www.carolinebouvier.fr\/shop\/"},{"@type":"ListItem","position":3,"name":"La capeline \u00e0 n\u0153ud"}]},{"@type":"WebSite","@id":"https:\/\/www.carolinebouvier.fr\/#website","url":"https:\/\/www.carolinebouvier.fr\/","name":"Caroline Bouvier","description":"Fashion house","publisher":{"@id":"https:\/\/www.carolinebouvier.fr\/#organization"},"potentialAction":[{"@type":"SearchAction","target":{"@type":"EntryPoint","urlTemplate":"https:\/\/www.carolinebouvier.fr\/?s={search_term_string}"},"query-input":{"@type":"PropertyValueSpecification","valueRequired":true,"valueName":"search_term_string"}}],"inLanguage":"en-US"},{"@type":"Organization","@id":"https:\/\/www.carolinebouvier.fr\/#organization","name":"Caroline Bouvier","url":"https:\/\/www.carolinebouvier.fr\/","logo":{"@type":"ImageObject","inLanguage":"en-US","@id":"https:\/\/www.carolinebouvier.fr\/#\/schema\/logo\/image\/","url":"https:\/\/www.carolinebouvier.fr\/wp-content\/uploads\/2017\/07\/Caroline-Bouvier-LOGO-300px.png","contentUrl":"https:\/\/www.carolinebouvier.fr\/wp-content\/uploads\/2017\/07\/Caroline-Bouvier-LOGO-300px.png","width":300,"height":44,"caption":"Caroline Bouvier"},"image":{"@id":"https:\/\/www.carolinebouvier.fr\/#\/schema\/logo\/image\/"},"sameAs":["https:\/\/www.facebook.com\/carolinebouvierofficiel\/","https:\/\/x.com\/OfficielBouvier"]}]}},"_links":{"self":[{"href":"https:\/\/www.carolinebouvier.fr\/en\/wp-json\/wp\/v2\/product\/3024","targetHints":{"allow":["GET"]}}],"collection":[{"href":"https:\/\/www.carolinebouvier.fr\/en\/wp-json\/wp\/v2\/product"}],"about":[{"href":"https:\/\/www.carolinebouvier.fr\/en\/wp-json\/wp\/v2\/types\/product"}],"wp:featuredmedia":[{"embeddable":true,"href":"https:\/\/www.carolinebouvier.fr\/en\/wp-json\/wp\/v2\/media\/3025"}],"wp:attachment":[{"href":"https:\/\/www.carolinebouvier.fr\/en\/wp-json\/wp\/v2\/media?parent=3024"}],"wp:term":[{"taxonomy":"product_brand","embeddable":true,"href":"https:\/\/www.carolinebouvier.fr\/en\/wp-json\/wp\/v2\/product_brand?post=3024"},{"taxonomy":"product_cat","embeddable":true,"href":"https:\/\/www.carolinebouvier.fr\/en\/wp-json\/wp\/v2\/product_cat?post=3024"},{"taxonomy":"product_tag","embeddable":true,"href":"https:\/\/www.carolinebouvier.fr\/en\/wp-json\/wp\/v2\/product_tag?post=3024"}],"curies":[{"name":"wp","href":"https:\/\/api.w.org\/{rel}","templated":true}]}}