{"id":3046,"date":"2020-07-15T18:24:47","date_gmt":"2020-07-15T16:24:47","guid":{"rendered":"https:\/\/www.carolinebouvier.fr\/?post_type=product&#038;p=3046"},"modified":"2020-07-18T11:10:52","modified_gmt":"2020-07-18T09:10:52","slug":"pochette-en-cuir","status":"publish","type":"product","link":"https:\/\/www.carolinebouvier.fr\/en\/product\/pochette-en-cuir\/","title":{"rendered":"The leather pouch"},"content":{"rendered":"","protected":false},"excerpt":{"rendered":"[fusion_button link=\"https:\/\/www.carolinebouvier.fr\/e-boutique\/les-accessoires-la-e-boutique\/\" text_transform=\"\" title=\"\" target=\"_self\" link_attributes=\"\" alignment=\"left\" modal=\"\" hide_on_mobile=\"small-visibility,medium-visibility,large-visibility\" class=\"\" id=\"\" color=\"default\" button_gradient_top_color=\"\" button_gradient_bottom_color=\"\" button_gradient_top_color_hover=\"\" button_gradient_bottom_color_hover=\"\" accent_color=\"\" accent_hover_color=\"\" type=\"\" bevel_color=\"\" border_width=\"\" border_radius=\"\" border_color=\"\" border_hover_color=\"\" size=\"\" stretch=\"no\" icon=\"fa-chevron-left fas\" icon_position=\"left\" icon_divider=\"no\" animation_type=\"\" animation_direction=\"left\" animation_speed=\"0.3\" animation_offset=\"\"]Back to accessories[\/fusion_button]\n[fusion_separator style_type=\"single solid\" hide_on_mobile=\"small-visibility,medium-visibility,large-visibility\" class=\"\" id=\"\" sep_color=\"\" top_margin=\"30px\" bottom_margin=\"20px\" border_size=\"\" icon=\"\" icon_size=\"\" icon_circle=\"\" icon_circle_color=\"\" width=\"\" alignment=\"center\"][\/fusion_separator]\n<p class=\"Corps\">Leather clutch, with the iconic bow of the House and silver chain to wear on the shoulder. The chain can be stored to carry the clutch in the hand.<br \/>\nDirected by Christine Chopin<\/p>\n[fusion_separator style_type=\"single solid\" hide_on_mobile=\"small-visibility,medium-visibility,large-visibility\" class=\"\" id=\"\" sep_color=\"\" top_margin=\"\" bottom_margin=\"20px\" border_size=\"\" icon=\"\" icon_size=\"\" icon_circle=\"\" icon_circle_color=\"\" width=\"\" alignment=\"center\"][\/fusion_separator]","protected":false},"featured_media":3047,"template":"","meta":[],"product_brand":[],"product_cat":[69],"product_tag":[],"class_list":{"0":"post-3046","1":"product","2":"type-product","3":"status-publish","4":"has-post-thumbnail","6":"product_cat-les-accessoires","8":"first","9":"instock","10":"shipping-taxable","11":"purchasable","12":"product-type-simple"},"yoast_head":"<!-- This site is optimized with the Yoast SEO plugin v26.5 - https:\/\/yoast.com\/wordpress\/plugins\/seo\/ -->\n<title>La pochette en cuir - Caroline Bouvier<\/title>\n<meta name=\"robots\" content=\"index, follow, max-snippet:-1, max-image-preview:large, max-video-preview:-1\" \/>\n<link rel=\"canonical\" href=\"https:\/\/www.carolinebouvier.fr\/en\/product\/pochette-en-cuir\/\" \/>\n<meta property=\"og:locale\" content=\"en_US\" \/>\n<meta property=\"og:type\" content=\"article\" \/>\n<meta property=\"og:title\" content=\"La pochette en cuir - Caroline Bouvier\" \/>\n<meta property=\"og:description\" content=\"Pochette en cuir, \u00e0 l\u2019iconique n\u0153ud de la Maison et cha\u00eene en argent pour porter \u00e0 l\u2019\u00e9paule. La cha\u00eene peut \u00eatre rang\u00e9e pour porter la pochette \u00e0 la main. R\u00e9alis\u00e9e par Christine Chopin\" \/>\n<meta property=\"og:url\" content=\"https:\/\/www.carolinebouvier.fr\/en\/product\/pochette-en-cuir\/\" \/>\n<meta property=\"og:site_name\" content=\"Caroline Bouvier\" \/>\n<meta property=\"article:publisher\" content=\"https:\/\/www.facebook.com\/carolinebouvierofficiel\/\" \/>\n<meta property=\"article:modified_time\" content=\"2020-07-18T09:10:52+00:00\" \/>\n<meta property=\"og:image\" content=\"https:\/\/www.carolinebouvier.fr\/wp-content\/uploads\/2020\/07\/Pochette_ChristineChopin_THB.jpg\" \/>\n\t<meta property=\"og:image:width\" content=\"1354\" \/>\n\t<meta property=\"og:image:height\" content=\"1355\" \/>\n\t<meta property=\"og:image:type\" content=\"image\/jpeg\" \/>\n<meta name=\"twitter:card\" content=\"summary_large_image\" \/>\n<meta name=\"twitter:site\" content=\"@OfficielBouvier\" \/>\n<script type=\"application\/ld+json\" class=\"yoast-schema-graph\">{\"@context\":\"https:\/\/schema.org\",\"@graph\":[{\"@type\":\"WebPage\",\"@id\":\"https:\/\/www.carolinebouvier.fr\/produit\/pochette-en-cuir\/\",\"url\":\"https:\/\/www.carolinebouvier.fr\/produit\/pochette-en-cuir\/\",\"name\":\"La pochette en cuir - Caroline Bouvier\",\"isPartOf\":{\"@id\":\"https:\/\/www.carolinebouvier.fr\/#website\"},\"primaryImageOfPage\":{\"@id\":\"https:\/\/www.carolinebouvier.fr\/produit\/pochette-en-cuir\/#primaryimage\"},\"image\":{\"@id\":\"https:\/\/www.carolinebouvier.fr\/produit\/pochette-en-cuir\/#primaryimage\"},\"thumbnailUrl\":\"https:\/\/www.carolinebouvier.fr\/wp-content\/uploads\/2020\/07\/Pochette_ChristineChopin_THB.jpg\",\"datePublished\":\"2020-07-15T16:24:47+00:00\",\"dateModified\":\"2020-07-18T09:10:52+00:00\",\"breadcrumb\":{\"@id\":\"https:\/\/www.carolinebouvier.fr\/produit\/pochette-en-cuir\/#breadcrumb\"},\"inLanguage\":\"en-US\",\"potentialAction\":[{\"@type\":\"ReadAction\",\"target\":[\"https:\/\/www.carolinebouvier.fr\/produit\/pochette-en-cuir\/\"]}]},{\"@type\":\"ImageObject\",\"inLanguage\":\"en-US\",\"@id\":\"https:\/\/www.carolinebouvier.fr\/produit\/pochette-en-cuir\/#primaryimage\",\"url\":\"https:\/\/www.carolinebouvier.fr\/wp-content\/uploads\/2020\/07\/Pochette_ChristineChopin_THB.jpg\",\"contentUrl\":\"https:\/\/www.carolinebouvier.fr\/wp-content\/uploads\/2020\/07\/Pochette_ChristineChopin_THB.jpg\",\"width\":1354,\"height\":1355,\"caption\":\"Pochette_Christine_Chopin\"},{\"@type\":\"BreadcrumbList\",\"@id\":\"https:\/\/www.carolinebouvier.fr\/produit\/pochette-en-cuir\/#breadcrumb\",\"itemListElement\":[{\"@type\":\"ListItem\",\"position\":1,\"name\":\"Accueil\",\"item\":\"https:\/\/www.carolinebouvier.fr\/\"},{\"@type\":\"ListItem\",\"position\":2,\"name\":\"Produits\",\"item\":\"https:\/\/www.carolinebouvier.fr\/shop\/\"},{\"@type\":\"ListItem\",\"position\":3,\"name\":\"La pochette en cuir\"}]},{\"@type\":\"WebSite\",\"@id\":\"https:\/\/www.carolinebouvier.fr\/#website\",\"url\":\"https:\/\/www.carolinebouvier.fr\/\",\"name\":\"Caroline Bouvier\",\"description\":\"Maison de couture\",\"publisher\":{\"@id\":\"https:\/\/www.carolinebouvier.fr\/#organization\"},\"potentialAction\":[{\"@type\":\"SearchAction\",\"target\":{\"@type\":\"EntryPoint\",\"urlTemplate\":\"https:\/\/www.carolinebouvier.fr\/?s={search_term_string}\"},\"query-input\":{\"@type\":\"PropertyValueSpecification\",\"valueRequired\":true,\"valueName\":\"search_term_string\"}}],\"inLanguage\":\"en-US\"},{\"@type\":\"Organization\",\"@id\":\"https:\/\/www.carolinebouvier.fr\/#organization\",\"name\":\"Caroline Bouvier\",\"url\":\"https:\/\/www.carolinebouvier.fr\/\",\"logo\":{\"@type\":\"ImageObject\",\"inLanguage\":\"en-US\",\"@id\":\"https:\/\/www.carolinebouvier.fr\/#\/schema\/logo\/image\/\",\"url\":\"https:\/\/www.carolinebouvier.fr\/wp-content\/uploads\/2017\/07\/Caroline-Bouvier-LOGO-300px.png\",\"contentUrl\":\"https:\/\/www.carolinebouvier.fr\/wp-content\/uploads\/2017\/07\/Caroline-Bouvier-LOGO-300px.png\",\"width\":300,\"height\":44,\"caption\":\"Caroline Bouvier\"},\"image\":{\"@id\":\"https:\/\/www.carolinebouvier.fr\/#\/schema\/logo\/image\/\"},\"sameAs\":[\"https:\/\/www.facebook.com\/carolinebouvierofficiel\/\",\"https:\/\/x.com\/OfficielBouvier\"]}]}<\/script>\n<!-- \/ Yoast SEO plugin. -->","yoast_head_json":{"title":"La pochette en cuir - Caroline Bouvier","robots":{"index":"index","follow":"follow","max-snippet":"max-snippet:-1","max-image-preview":"max-image-preview:large","max-video-preview":"max-video-preview:-1"},"canonical":"https:\/\/www.carolinebouvier.fr\/en\/product\/pochette-en-cuir\/","og_locale":"en_US","og_type":"article","og_title":"La pochette en cuir - Caroline Bouvier","og_description":"Pochette en cuir, \u00e0 l\u2019iconique n\u0153ud de la Maison et cha\u00eene en argent pour porter \u00e0 l\u2019\u00e9paule. La cha\u00eene peut \u00eatre rang\u00e9e pour porter la pochette \u00e0 la main. R\u00e9alis\u00e9e par Christine Chopin","og_url":"https:\/\/www.carolinebouvier.fr\/en\/product\/pochette-en-cuir\/","og_site_name":"Caroline Bouvier","article_publisher":"https:\/\/www.facebook.com\/carolinebouvierofficiel\/","article_modified_time":"2020-07-18T09:10:52+00:00","og_image":[{"width":1354,"height":1355,"url":"https:\/\/www.carolinebouvier.fr\/wp-content\/uploads\/2020\/07\/Pochette_ChristineChopin_THB.jpg","type":"image\/jpeg"}],"twitter_card":"summary_large_image","twitter_site":"@OfficielBouvier","schema":{"@context":"https:\/\/schema.org","@graph":[{"@type":"WebPage","@id":"https:\/\/www.carolinebouvier.fr\/produit\/pochette-en-cuir\/","url":"https:\/\/www.carolinebouvier.fr\/produit\/pochette-en-cuir\/","name":"La pochette en cuir - Caroline Bouvier","isPartOf":{"@id":"https:\/\/www.carolinebouvier.fr\/#website"},"primaryImageOfPage":{"@id":"https:\/\/www.carolinebouvier.fr\/produit\/pochette-en-cuir\/#primaryimage"},"image":{"@id":"https:\/\/www.carolinebouvier.fr\/produit\/pochette-en-cuir\/#primaryimage"},"thumbnailUrl":"https:\/\/www.carolinebouvier.fr\/wp-content\/uploads\/2020\/07\/Pochette_ChristineChopin_THB.jpg","datePublished":"2020-07-15T16:24:47+00:00","dateModified":"2020-07-18T09:10:52+00:00","breadcrumb":{"@id":"https:\/\/www.carolinebouvier.fr\/produit\/pochette-en-cuir\/#breadcrumb"},"inLanguage":"en-US","potentialAction":[{"@type":"ReadAction","target":["https:\/\/www.carolinebouvier.fr\/produit\/pochette-en-cuir\/"]}]},{"@type":"ImageObject","inLanguage":"en-US","@id":"https:\/\/www.carolinebouvier.fr\/produit\/pochette-en-cuir\/#primaryimage","url":"https:\/\/www.carolinebouvier.fr\/wp-content\/uploads\/2020\/07\/Pochette_ChristineChopin_THB.jpg","contentUrl":"https:\/\/www.carolinebouvier.fr\/wp-content\/uploads\/2020\/07\/Pochette_ChristineChopin_THB.jpg","width":1354,"height":1355,"caption":"Pochette_Christine_Chopin"},{"@type":"BreadcrumbList","@id":"https:\/\/www.carolinebouvier.fr\/produit\/pochette-en-cuir\/#breadcrumb","itemListElement":[{"@type":"ListItem","position":1,"name":"Accueil","item":"https:\/\/www.carolinebouvier.fr\/"},{"@type":"ListItem","position":2,"name":"Produits","item":"https:\/\/www.carolinebouvier.fr\/shop\/"},{"@type":"ListItem","position":3,"name":"La pochette en cuir"}]},{"@type":"WebSite","@id":"https:\/\/www.carolinebouvier.fr\/#website","url":"https:\/\/www.carolinebouvier.fr\/","name":"Caroline Bouvier","description":"Fashion house","publisher":{"@id":"https:\/\/www.carolinebouvier.fr\/#organization"},"potentialAction":[{"@type":"SearchAction","target":{"@type":"EntryPoint","urlTemplate":"https:\/\/www.carolinebouvier.fr\/?s={search_term_string}"},"query-input":{"@type":"PropertyValueSpecification","valueRequired":true,"valueName":"search_term_string"}}],"inLanguage":"en-US"},{"@type":"Organization","@id":"https:\/\/www.carolinebouvier.fr\/#organization","name":"Caroline Bouvier","url":"https:\/\/www.carolinebouvier.fr\/","logo":{"@type":"ImageObject","inLanguage":"en-US","@id":"https:\/\/www.carolinebouvier.fr\/#\/schema\/logo\/image\/","url":"https:\/\/www.carolinebouvier.fr\/wp-content\/uploads\/2017\/07\/Caroline-Bouvier-LOGO-300px.png","contentUrl":"https:\/\/www.carolinebouvier.fr\/wp-content\/uploads\/2017\/07\/Caroline-Bouvier-LOGO-300px.png","width":300,"height":44,"caption":"Caroline Bouvier"},"image":{"@id":"https:\/\/www.carolinebouvier.fr\/#\/schema\/logo\/image\/"},"sameAs":["https:\/\/www.facebook.com\/carolinebouvierofficiel\/","https:\/\/x.com\/OfficielBouvier"]}]}},"_links":{"self":[{"href":"https:\/\/www.carolinebouvier.fr\/en\/wp-json\/wp\/v2\/product\/3046","targetHints":{"allow":["GET"]}}],"collection":[{"href":"https:\/\/www.carolinebouvier.fr\/en\/wp-json\/wp\/v2\/product"}],"about":[{"href":"https:\/\/www.carolinebouvier.fr\/en\/wp-json\/wp\/v2\/types\/product"}],"wp:featuredmedia":[{"embeddable":true,"href":"https:\/\/www.carolinebouvier.fr\/en\/wp-json\/wp\/v2\/media\/3047"}],"wp:attachment":[{"href":"https:\/\/www.carolinebouvier.fr\/en\/wp-json\/wp\/v2\/media?parent=3046"}],"wp:term":[{"taxonomy":"product_brand","embeddable":true,"href":"https:\/\/www.carolinebouvier.fr\/en\/wp-json\/wp\/v2\/product_brand?post=3046"},{"taxonomy":"product_cat","embeddable":true,"href":"https:\/\/www.carolinebouvier.fr\/en\/wp-json\/wp\/v2\/product_cat?post=3046"},{"taxonomy":"product_tag","embeddable":true,"href":"https:\/\/www.carolinebouvier.fr\/en\/wp-json\/wp\/v2\/product_tag?post=3046"}],"curies":[{"name":"wp","href":"https:\/\/api.w.org\/{rel}","templated":true}]}}