{"id":3064,"date":"2020-07-18T11:33:13","date_gmt":"2020-07-18T09:33:13","guid":{"rendered":"https:\/\/www.carolinebouvier.fr\/?post_type=product&#038;p=3064"},"modified":"2020-07-18T18:30:14","modified_gmt":"2020-07-18T16:30:14","slug":"le-sac-en-cuir-bleu","status":"publish","type":"product","link":"https:\/\/www.carolinebouvier.fr\/en\/product\/le-sac-en-cuir-bleu\/","title":{"rendered":"The leather bag - blue"},"content":{"rendered":"","protected":false},"excerpt":{"rendered":"[fusion_button link=\"https:\/\/www.carolinebouvier.fr\/e-boutique\/les-accessoires-la-e-boutique\/\" text_transform=\"\" title=\"\" target=\"_self\" link_attributes=\"\" alignment=\"left\" modal=\"\" hide_on_mobile=\"small-visibility,medium-visibility,large-visibility\" class=\"\" id=\"\" color=\"default\" button_gradient_top_color=\"\" button_gradient_bottom_color=\"\" button_gradient_top_color_hover=\"\" button_gradient_bottom_color_hover=\"\" accent_color=\"\" accent_hover_color=\"\" type=\"\" bevel_color=\"\" border_width=\"\" border_radius=\"\" border_color=\"\" border_hover_color=\"\" size=\"\" stretch=\"no\" icon=\"fa-chevron-left fas\" icon_position=\"left\" icon_divider=\"no\" animation_type=\"\" animation_direction=\"left\" animation_speed=\"0.3\" animation_offset=\"\"]Back to accessories[\/fusion_button]\n[fusion_separator style_type=\"single solid\" hide_on_mobile=\"small-visibility,medium-visibility,large-visibility\" class=\"\" id=\"\" sep_color=\"\" top_margin=\"30px\" bottom_margin=\"20px\" border_size=\"\" icon=\"\" icon_size=\"\" icon_circle=\"\" icon_circle_color=\"\" width=\"\" alignment=\"center\"][\/fusion_separator]\n<p class=\"Corps\">Small blue leather bag with the iconic bow of the House.<br \/>\nDirected by Christine Chopin<\/p>\n[fusion_separator style_type=\"single solid\" hide_on_mobile=\"small-visibility,medium-visibility,large-visibility\" class=\"\" id=\"\" sep_color=\"\" top_margin=\"\" bottom_margin=\"20px\" border_size=\"\" icon=\"\" icon_size=\"\" icon_circle=\"\" icon_circle_color=\"\" width=\"\" alignment=\"center\"][\/fusion_separator]","protected":false},"featured_media":3076,"template":"","meta":[],"product_brand":[],"product_cat":[69],"product_tag":[],"class_list":{"0":"post-3064","1":"product","2":"type-product","3":"status-publish","4":"has-post-thumbnail","6":"product_cat-les-accessoires","8":"first","9":"instock","10":"shipping-taxable","11":"purchasable","12":"product-type-simple"},"yoast_head":"<!-- This site is optimized with the Yoast SEO plugin v26.5 - https:\/\/yoast.com\/wordpress\/plugins\/seo\/ -->\n<title>Le sac en cuir - bleu - Caroline Bouvier<\/title>\n<meta name=\"robots\" content=\"index, follow, max-snippet:-1, max-image-preview:large, max-video-preview:-1\" \/>\n<link rel=\"canonical\" href=\"https:\/\/www.carolinebouvier.fr\/en\/product\/le-sac-en-cuir-bleu\/\" \/>\n<meta property=\"og:locale\" content=\"en_US\" \/>\n<meta property=\"og:type\" content=\"article\" \/>\n<meta property=\"og:title\" content=\"Le sac en cuir - bleu - Caroline Bouvier\" \/>\n<meta property=\"og:description\" content=\"Petit sac en cuir bleu \u00e0 l\u2019iconique n\u0153ud de la Maison. R\u00e9alis\u00e9 par Christine Chopin\" \/>\n<meta property=\"og:url\" content=\"https:\/\/www.carolinebouvier.fr\/en\/product\/le-sac-en-cuir-bleu\/\" \/>\n<meta property=\"og:site_name\" content=\"Caroline Bouvier\" \/>\n<meta property=\"article:publisher\" content=\"https:\/\/www.facebook.com\/carolinebouvierofficiel\/\" \/>\n<meta property=\"article:modified_time\" content=\"2020-07-18T16:30:14+00:00\" \/>\n<meta property=\"og:image\" content=\"https:\/\/www.carolinebouvier.fr\/wp-content\/uploads\/2020\/07\/Sac_ChristineChopin_THB2.jpg\" \/>\n\t<meta property=\"og:image:width\" content=\"600\" \/>\n\t<meta property=\"og:image:height\" content=\"600\" \/>\n\t<meta property=\"og:image:type\" content=\"image\/jpeg\" \/>\n<meta name=\"twitter:card\" content=\"summary_large_image\" \/>\n<meta name=\"twitter:site\" content=\"@OfficielBouvier\" \/>\n<script type=\"application\/ld+json\" class=\"yoast-schema-graph\">{\"@context\":\"https:\/\/schema.org\",\"@graph\":[{\"@type\":\"WebPage\",\"@id\":\"https:\/\/www.carolinebouvier.fr\/produit\/le-sac-en-cuir-bleu\/\",\"url\":\"https:\/\/www.carolinebouvier.fr\/produit\/le-sac-en-cuir-bleu\/\",\"name\":\"Le sac en cuir - bleu - Caroline Bouvier\",\"isPartOf\":{\"@id\":\"https:\/\/www.carolinebouvier.fr\/#website\"},\"primaryImageOfPage\":{\"@id\":\"https:\/\/www.carolinebouvier.fr\/produit\/le-sac-en-cuir-bleu\/#primaryimage\"},\"image\":{\"@id\":\"https:\/\/www.carolinebouvier.fr\/produit\/le-sac-en-cuir-bleu\/#primaryimage\"},\"thumbnailUrl\":\"https:\/\/www.carolinebouvier.fr\/wp-content\/uploads\/2020\/07\/Sac_ChristineChopin_THB2.jpg\",\"datePublished\":\"2020-07-18T09:33:13+00:00\",\"dateModified\":\"2020-07-18T16:30:14+00:00\",\"breadcrumb\":{\"@id\":\"https:\/\/www.carolinebouvier.fr\/produit\/le-sac-en-cuir-bleu\/#breadcrumb\"},\"inLanguage\":\"en-US\",\"potentialAction\":[{\"@type\":\"ReadAction\",\"target\":[\"https:\/\/www.carolinebouvier.fr\/produit\/le-sac-en-cuir-bleu\/\"]}]},{\"@type\":\"ImageObject\",\"inLanguage\":\"en-US\",\"@id\":\"https:\/\/www.carolinebouvier.fr\/produit\/le-sac-en-cuir-bleu\/#primaryimage\",\"url\":\"https:\/\/www.carolinebouvier.fr\/wp-content\/uploads\/2020\/07\/Sac_ChristineChopin_THB2.jpg\",\"contentUrl\":\"https:\/\/www.carolinebouvier.fr\/wp-content\/uploads\/2020\/07\/Sac_ChristineChopin_THB2.jpg\",\"width\":600,\"height\":600,\"caption\":\"Sac Christine Chopin\"},{\"@type\":\"BreadcrumbList\",\"@id\":\"https:\/\/www.carolinebouvier.fr\/produit\/le-sac-en-cuir-bleu\/#breadcrumb\",\"itemListElement\":[{\"@type\":\"ListItem\",\"position\":1,\"name\":\"Accueil\",\"item\":\"https:\/\/www.carolinebouvier.fr\/\"},{\"@type\":\"ListItem\",\"position\":2,\"name\":\"Produits\",\"item\":\"https:\/\/www.carolinebouvier.fr\/shop\/\"},{\"@type\":\"ListItem\",\"position\":3,\"name\":\"Le sac en cuir &#8211; bleu\"}]},{\"@type\":\"WebSite\",\"@id\":\"https:\/\/www.carolinebouvier.fr\/#website\",\"url\":\"https:\/\/www.carolinebouvier.fr\/\",\"name\":\"Caroline Bouvier\",\"description\":\"Maison de couture\",\"publisher\":{\"@id\":\"https:\/\/www.carolinebouvier.fr\/#organization\"},\"potentialAction\":[{\"@type\":\"SearchAction\",\"target\":{\"@type\":\"EntryPoint\",\"urlTemplate\":\"https:\/\/www.carolinebouvier.fr\/?s={search_term_string}\"},\"query-input\":{\"@type\":\"PropertyValueSpecification\",\"valueRequired\":true,\"valueName\":\"search_term_string\"}}],\"inLanguage\":\"en-US\"},{\"@type\":\"Organization\",\"@id\":\"https:\/\/www.carolinebouvier.fr\/#organization\",\"name\":\"Caroline Bouvier\",\"url\":\"https:\/\/www.carolinebouvier.fr\/\",\"logo\":{\"@type\":\"ImageObject\",\"inLanguage\":\"en-US\",\"@id\":\"https:\/\/www.carolinebouvier.fr\/#\/schema\/logo\/image\/\",\"url\":\"https:\/\/www.carolinebouvier.fr\/wp-content\/uploads\/2017\/07\/Caroline-Bouvier-LOGO-300px.png\",\"contentUrl\":\"https:\/\/www.carolinebouvier.fr\/wp-content\/uploads\/2017\/07\/Caroline-Bouvier-LOGO-300px.png\",\"width\":300,\"height\":44,\"caption\":\"Caroline Bouvier\"},\"image\":{\"@id\":\"https:\/\/www.carolinebouvier.fr\/#\/schema\/logo\/image\/\"},\"sameAs\":[\"https:\/\/www.facebook.com\/carolinebouvierofficiel\/\",\"https:\/\/x.com\/OfficielBouvier\"]}]}<\/script>\n<!-- \/ Yoast SEO plugin. -->","yoast_head_json":{"title":"Le sac en cuir - bleu - Caroline Bouvier","robots":{"index":"index","follow":"follow","max-snippet":"max-snippet:-1","max-image-preview":"max-image-preview:large","max-video-preview":"max-video-preview:-1"},"canonical":"https:\/\/www.carolinebouvier.fr\/en\/product\/le-sac-en-cuir-bleu\/","og_locale":"en_US","og_type":"article","og_title":"Le sac en cuir - bleu - Caroline Bouvier","og_description":"Petit sac en cuir bleu \u00e0 l\u2019iconique n\u0153ud de la Maison. R\u00e9alis\u00e9 par Christine Chopin","og_url":"https:\/\/www.carolinebouvier.fr\/en\/product\/le-sac-en-cuir-bleu\/","og_site_name":"Caroline Bouvier","article_publisher":"https:\/\/www.facebook.com\/carolinebouvierofficiel\/","article_modified_time":"2020-07-18T16:30:14+00:00","og_image":[{"width":600,"height":600,"url":"https:\/\/www.carolinebouvier.fr\/wp-content\/uploads\/2020\/07\/Sac_ChristineChopin_THB2.jpg","type":"image\/jpeg"}],"twitter_card":"summary_large_image","twitter_site":"@OfficielBouvier","schema":{"@context":"https:\/\/schema.org","@graph":[{"@type":"WebPage","@id":"https:\/\/www.carolinebouvier.fr\/produit\/le-sac-en-cuir-bleu\/","url":"https:\/\/www.carolinebouvier.fr\/produit\/le-sac-en-cuir-bleu\/","name":"Le sac en cuir - bleu - Caroline Bouvier","isPartOf":{"@id":"https:\/\/www.carolinebouvier.fr\/#website"},"primaryImageOfPage":{"@id":"https:\/\/www.carolinebouvier.fr\/produit\/le-sac-en-cuir-bleu\/#primaryimage"},"image":{"@id":"https:\/\/www.carolinebouvier.fr\/produit\/le-sac-en-cuir-bleu\/#primaryimage"},"thumbnailUrl":"https:\/\/www.carolinebouvier.fr\/wp-content\/uploads\/2020\/07\/Sac_ChristineChopin_THB2.jpg","datePublished":"2020-07-18T09:33:13+00:00","dateModified":"2020-07-18T16:30:14+00:00","breadcrumb":{"@id":"https:\/\/www.carolinebouvier.fr\/produit\/le-sac-en-cuir-bleu\/#breadcrumb"},"inLanguage":"en-US","potentialAction":[{"@type":"ReadAction","target":["https:\/\/www.carolinebouvier.fr\/produit\/le-sac-en-cuir-bleu\/"]}]},{"@type":"ImageObject","inLanguage":"en-US","@id":"https:\/\/www.carolinebouvier.fr\/produit\/le-sac-en-cuir-bleu\/#primaryimage","url":"https:\/\/www.carolinebouvier.fr\/wp-content\/uploads\/2020\/07\/Sac_ChristineChopin_THB2.jpg","contentUrl":"https:\/\/www.carolinebouvier.fr\/wp-content\/uploads\/2020\/07\/Sac_ChristineChopin_THB2.jpg","width":600,"height":600,"caption":"Sac Christine Chopin"},{"@type":"BreadcrumbList","@id":"https:\/\/www.carolinebouvier.fr\/produit\/le-sac-en-cuir-bleu\/#breadcrumb","itemListElement":[{"@type":"ListItem","position":1,"name":"Accueil","item":"https:\/\/www.carolinebouvier.fr\/"},{"@type":"ListItem","position":2,"name":"Produits","item":"https:\/\/www.carolinebouvier.fr\/shop\/"},{"@type":"ListItem","position":3,"name":"Le sac en cuir &#8211; bleu"}]},{"@type":"WebSite","@id":"https:\/\/www.carolinebouvier.fr\/#website","url":"https:\/\/www.carolinebouvier.fr\/","name":"Caroline Bouvier","description":"Fashion house","publisher":{"@id":"https:\/\/www.carolinebouvier.fr\/#organization"},"potentialAction":[{"@type":"SearchAction","target":{"@type":"EntryPoint","urlTemplate":"https:\/\/www.carolinebouvier.fr\/?s={search_term_string}"},"query-input":{"@type":"PropertyValueSpecification","valueRequired":true,"valueName":"search_term_string"}}],"inLanguage":"en-US"},{"@type":"Organization","@id":"https:\/\/www.carolinebouvier.fr\/#organization","name":"Caroline Bouvier","url":"https:\/\/www.carolinebouvier.fr\/","logo":{"@type":"ImageObject","inLanguage":"en-US","@id":"https:\/\/www.carolinebouvier.fr\/#\/schema\/logo\/image\/","url":"https:\/\/www.carolinebouvier.fr\/wp-content\/uploads\/2017\/07\/Caroline-Bouvier-LOGO-300px.png","contentUrl":"https:\/\/www.carolinebouvier.fr\/wp-content\/uploads\/2017\/07\/Caroline-Bouvier-LOGO-300px.png","width":300,"height":44,"caption":"Caroline Bouvier"},"image":{"@id":"https:\/\/www.carolinebouvier.fr\/#\/schema\/logo\/image\/"},"sameAs":["https:\/\/www.facebook.com\/carolinebouvierofficiel\/","https:\/\/x.com\/OfficielBouvier"]}]}},"_links":{"self":[{"href":"https:\/\/www.carolinebouvier.fr\/en\/wp-json\/wp\/v2\/product\/3064","targetHints":{"allow":["GET"]}}],"collection":[{"href":"https:\/\/www.carolinebouvier.fr\/en\/wp-json\/wp\/v2\/product"}],"about":[{"href":"https:\/\/www.carolinebouvier.fr\/en\/wp-json\/wp\/v2\/types\/product"}],"wp:featuredmedia":[{"embeddable":true,"href":"https:\/\/www.carolinebouvier.fr\/en\/wp-json\/wp\/v2\/media\/3076"}],"wp:attachment":[{"href":"https:\/\/www.carolinebouvier.fr\/en\/wp-json\/wp\/v2\/media?parent=3064"}],"wp:term":[{"taxonomy":"product_brand","embeddable":true,"href":"https:\/\/www.carolinebouvier.fr\/en\/wp-json\/wp\/v2\/product_brand?post=3064"},{"taxonomy":"product_cat","embeddable":true,"href":"https:\/\/www.carolinebouvier.fr\/en\/wp-json\/wp\/v2\/product_cat?post=3064"},{"taxonomy":"product_tag","embeddable":true,"href":"https:\/\/www.carolinebouvier.fr\/en\/wp-json\/wp\/v2\/product_tag?post=3064"}],"curies":[{"name":"wp","href":"https:\/\/api.w.org\/{rel}","templated":true}]}}